{"id":145,"date":"2020-11-22T17:28:13","date_gmt":"2020-11-22T17:28:13","guid":{"rendered":"https:\/\/bridge253.qodeinteractive.com\/?page_id=145"},"modified":"2023-06-09T22:59:26","modified_gmt":"2023-06-09T22:59:26","slug":"nosotros","status":"publish","type":"page","link":"https:\/\/hugofrias.cl\/web\/nosotros\/","title":{"rendered":"Nosotros"},"content":{"rendered":"<div class=\"wpb-content-wrapper\"><p>[vc_row css_animation=\u00bb\u00bb row_type=\u00bbrow\u00bb use_row_as_full_screen_section=\u00bbno\u00bb type=\u00bbfull_width\u00bb angled_section=\u00bbno\u00bb text_align=\u00bbleft\u00bb background_image_as_pattern=\u00bbwithout_pattern\u00bb css=\u00bb.vc_custom_1606066257587{background-color: #f7fafd !important;}\u00bb z_index=\u00bb\u00bb][vc_column][vc_row_inner row_type=\u00bbrow\u00bb type=\u00bbgrid\u00bb text_align=\u00bbleft\u00bb css_animation=\u00bb\u00bb css=\u00bb.vc_custom_1606382578045{padding-top: 125px !important;padding-bottom: 80px !important;}\u00bb][vc_column_inner css=\u00bb.vc_custom_1606380354672{padding-right: 10% !important;}\u00bb offset=\u00bbvc_col-lg-4 vc_col-md-4&#8243;][vc_column_text]<\/p>\n<h6>Historia<\/h6>\n<p>[\/vc_column_text][vc_empty_space height=\u00bb6&#8243;][vc_column_text]<\/p>\n<h4>Nacido el 4 de noviembre de 1955<\/h4>\n<p>[\/vc_column_text][vc_empty_space height=\u00bb24px\u00bb][vc_column_text]<strong>Hugo Fr\u00edas Olea<\/strong>\u00a0es el segundo de ocho hermanos. Junto a su se\u00f1ora, la periodista Magdalena Ossand\u00f3n, y sus 6 hijos han conformado una linda familia.[\/vc_column_text][vc_empty_space height=\u00bb24px\u00bb][vc_column_text]Vivi\u00f3 cuatro a\u00f1os en Madrid, en donde egres\u00f3 de Administraci\u00f3n de Empresas, con menci\u00f3n en Hoteler\u00eda. A su retorno, despu\u00e9s de hacerse cargo de la gerencia de un hotel, decidi\u00f3 independizarse y comenzar con el corretaje de propiedades.\u00a0<em>\u201cSiempre me gust\u00f3 la est\u00e9tica, el buen vivir, la urbe, los estilos y las casas. Esto, unido a mi vocaci\u00f3n de social del pa\u00eds, apareciendo con frecuencia en diversos medios de comunicaci\u00f3n.\u00bb<\/em>[\/vc_column_text][vc_empty_space height=\u00bb50px\u00bb][\/vc_column_inner][vc_column_inner css=\u00bb.vc_custom_1606380365974{padding-right: 17% !important;}\u00bb offset=\u00bbvc_col-lg-4 vc_col-md-4&#8243;][vc_empty_space height=\u00bb100&#8243;][vc_column_text]El inter\u00e9s de Hugo Fr\u00edas Olea por la conservaci\u00f3n de la ciudad, el urbanismo y la est\u00e9tica de las propiedades, combinados por su convencimiento en la entrega de servicios inmobiliarios de calidad, lo llevaron a inaugurar\u00a0<strong>Hugo Fr\u00edas Propiedades<\/strong>\u00a0en Abril de 1982.[\/vc_column_text][vc_empty_space height=\u00bb24px\u00bb][vc_column_text]Sea en su primera oficina en la Galer\u00eda Francisco de Aguirre o en la actual de Hernando de Aguirre 128 of. 701, para Hugo Fr\u00edas Propiedades todos los clientes son importantes, sin importar si desea arrendar un peque\u00f1o departamento o comprar un sitio en un exclusivo barrio residencial.[\/vc_column_text][vc_empty_space height=\u00bb50px\u00bb][\/vc_column_inner][vc_column_inner css=\u00bb.vc_custom_1606380373996{padding-right: 18% !important;}\u00bb offset=\u00bbvc_col-lg-4 vc_col-md-4&#8243;][vc_empty_space height=\u00bb100&#8243;][vc_column_text]Es por ello que, basado en valores como la honradez y la seriedad, ofrece una atenci\u00f3n\u00a0<strong>INTEGRAL<\/strong>: ventas, arriendos, administraciones, tasaciones, mantenci\u00f3n de propiedades y asesor\u00eda legal, entre otros servicios.[\/vc_column_text][vc_empty_space height=\u00bb24px\u00bb][vc_column_text]<strong>Hugo Fr\u00edas Propiedades<\/strong>\u00a0es miembro de ACOP (C\u00e1mara Nacional de Servicios Inmobiliarios) y est\u00e1 asociada a la firma inmobiliaria Brown Harris Stevens (BHS), de Nueva York, con la que ofrece propiedades en Estados Unidos.[\/vc_column_text][vc_empty_space height=\u00bb50px\u00bb][\/vc_column_inner][\/vc_row_inner][\/vc_column][\/vc_row][vc_row css_animation=\u00bb\u00bb row_type=\u00bbrow\u00bb use_row_as_full_screen_section=\u00bbno\u00bb type=\u00bbgrid\u00bb angled_section=\u00bbno\u00bb text_align=\u00bbleft\u00bb background_image_as_pattern=\u00bbwithout_pattern\u00bb z_index=\u00bb\u00bb css=\u00bb.vc_custom_1606072140479{padding-top: 120px !important;padding-bottom: 140px !important;}\u00bb][vc_column][qode_elements_holder number_of_columns=\u00bbtwo_columns\u00bb][qode_elements_holder_item vertical_alignment=\u00bbmiddle\u00bb advanced_animations=\u00bbno\u00bb item_padding=\u00bb0 27% 0 0&#8243; item_padding_768_1024=\u00bb0 12% 0 0&#8243; item_padding_480=\u00bb0 0% 50px 0&#8243;][vc_column_text]<\/p>\n<h6>Equipo<\/h6>\n<p>[\/vc_column_text][vc_empty_space height=\u00bb10px\u00bb][vc_column_text]Hugo Fr\u00edas Olea, es\u00a0<strong>socio fundador<\/strong>\u00a0y gerente de HF Propiedades desde sus inicios en 1982. Asociado desde el a\u00f1o 1983 a ACOP (C\u00e1mara Nacional de Servicios Inmobiliarios) se ha destacado por la atenci\u00f3n\u00a0<strong>EFICIENTE Y PERSONALIZADA<\/strong>\u00a0de sus clientes. Ha participado en congresos internacionales de FIABCI , ( The International Real Estate Federation) , representando al Cap\u00edtulo Chileno en el encuentro celebrado en Jerusal\u00e9n. El a\u00f1o 1996 como representante de HF Propiedades suscribi\u00f3 un convenio de representaci\u00f3n mutua en Nueva York con la empresa inmobiliaria Jean-Marc Levet &amp; Partners , mediante el cual ambas oficinas implementaron su oferta de propiedades en los respectivos pa\u00edses.[\/vc_column_text][vc_empty_space height=\u00bb42px\u00bb][\/qode_elements_holder_item][qode_elements_holder_item vertical_alignment=\u00bbmiddle\u00bb advanced_animations=\u00bbno\u00bb item_padding_768_1024=\u00bb5% 0 0 0&#8243;][vc_single_image image=\u00bb623&#8243; img_size=\u00bbfull\u00bb qode_css_animation=\u00bb\u00bb][\/qode_elements_holder_item][\/qode_elements_holder][\/vc_column][\/vc_row][vc_row row_type=\u00bbparallax\u00bb parallax_content_width=\u00bbfull_width\u00bb text_align=\u00bbleft\u00bb full_screen_section_height=\u00bbno\u00bb background_image=\u00bb626&#8243; css=\u00bb.vc_custom_1679501138098{padding-top: 10% !important;padding-bottom: 10% !important;}\u00bb section_height=\u00bb766&#8243;][vc_column][vc_empty_space height=\u00bb200px\u00bb][\/vc_column][\/vc_row][vc_row css_animation=\u00bb\u00bb row_type=\u00bbrow\u00bb use_row_as_full_screen_section=\u00bbno\u00bb type=\u00bbgrid\u00bb angled_section=\u00bbno\u00bb text_align=\u00bbleft\u00bb background_image_as_pattern=\u00bbwithout_pattern\u00bb z_index=\u00bb\u00bb css=\u00bb.vc_custom_1679411748823{padding-top: 100px !important;background-color: #ffffff !important;}\u00bb][vc_column width=\u00bb1\/4&#8243;][vc_column_text]<\/p>\n<h6 class=\"bottom-10\">Compra y venta de propiedades<\/h6>\n<p>[\/vc_column_text][vc_separator type=\u00bbsmall\u00bb position=\u00bbleft\u00bb color=\u00bb#ff7700&#8243;][vc_single_image image=\u00bb632&#8243; img_size=\u00bbfull\u00bb qode_css_animation=\u00bb\u00bb][vc_empty_space height=\u00bb24px\u00bb][vc_column_text]<\/p>\n<p class=\"thin bottom-10\"><strong>Ponemos nuestra gran cartera de propiedades a tu disposici\u00f3n<\/strong><\/p>\n<p>[\/vc_column_text][vc_empty_space height=\u00bb20&#8243;][vc_column_text]Venta: Promoci\u00f3n de la propiedad a trav\u00e9s de nuestra plataforma HFP, y de los diferentes canales de difusi\u00f3n.[\/vc_column_text][vc_empty_space height=\u00bb20&#8243;][vc_column_text]Compra: Asesor\u00eda en la b\u00fasqueda y elecci\u00f3n de la propiedad, seg\u00fan los diferentes requerimientos de cada persona.[\/vc_column_text][vc_empty_space height=\u00bb20&#8243;][vc_column_text]Luego del cierre del negocio, entrega de documentaci\u00f3n y firma de escritura se realiza la entrega de la nueva propiedad.[\/vc_column_text][vc_empty_space height=\u00bb50px\u00bb][\/vc_column][vc_column width=\u00bb1\/4&#8243;][vc_column_text]<\/p>\n<h6 class=\"entry-title bottom-5\">Arriendo de propiedades<\/h6>\n<p>[\/vc_column_text][vc_separator type=\u00bbsmall\u00bb position=\u00bbleft\u00bb color=\u00bb#ff7700&#8243;][vc_single_image image=\u00bb634&#8243; img_size=\u00bbfull\u00bb qode_css_animation=\u00bb\u00bb][vc_empty_space height=\u00bb24px\u00bb][vc_column_text]<\/p>\n<p class=\"thin bottom-20\"><strong>\u00bfNecesita arrendar su departamento?\u00bfBusca arriendo?<\/strong><\/p>\n<p>[\/vc_column_text][vc_empty_space height=\u00bb20&#8243;][vc_column_text]<\/p>\n<p class=\"thin bottom-20\">En HFP lo asesoramos y guiamos en su b\u00fasqueda.<\/p>\n<p>[\/vc_column_text][vc_empty_space height=\u00bb20&#8243;][vc_column_text]Cu\u00e9ntenos sus requerimientos y lo ayudamos en el proceso para la b\u00fasqueda de la mejor oportunidad en el arriendo de su pr\u00f3xima propiedad.[\/vc_column_text][vc_empty_space height=\u00bb20&#8243;][vc_column_text]Ponga en nuestras manos su propiedad y le buscaremos un nuevo arrendatario bajo un estricto proceso de selecci\u00f3n.[\/vc_column_text][vc_empty_space height=\u00bb50px\u00bb][\/vc_column][vc_column width=\u00bb1\/4&#8243;][vc_column_text]<\/p>\n<h6 class=\"bottom-10\">Administraci\u00f3n de arriendos<\/h6>\n<p>[\/vc_column_text][vc_separator type=\u00bbsmall\u00bb position=\u00bbleft\u00bb color=\u00bb#ff7700&#8243;][vc_single_image image=\u00bb635&#8243; img_size=\u00bbfull\u00bb qode_css_animation=\u00bb\u00bb][vc_empty_space height=\u00bb24px\u00bb][vc_column_text]<\/p>\n<p class=\"thin bottom-20\"><strong>Nos ocupamos de cada detalle<\/strong><\/p>\n<p>[\/vc_column_text][vc_empty_space height=\u00bb20&#8243;][vc_column_text]<\/p>\n<p class=\"thin bottom-20\">Deje en nuestras manos el seguimiento de su propiedad en el d\u00eda a d\u00eda.<\/p>\n<p>[\/vc_column_text][vc_empty_space height=\u00bb20&#8243;][vc_column_text]En Hugo Fr\u00edas Propiedades, nos encargamos de:[\/vc_column_text][vc_empty_space height=\u00bb20&#8243;][vc_column_text]<\/p>\n<ul>\n<li>La coordinaci\u00f3n de pagos y arreglos necesarios ocurridos al interior de la propiedad.<\/li>\n<\/ul>\n<p>[\/vc_column_text][vc_empty_space height=\u00bb20&#8243;][vc_column_text]<\/p>\n<ul>\n<li>La b\u00fasqueda y selecci\u00f3n de nuevos arrendatarios para su propiedad<\/li>\n<\/ul>\n<p>[\/vc_column_text][vc_empty_space height=\u00bb50px\u00bb][\/vc_column][vc_column width=\u00bb1\/4&#8243;][vc_column_text]<\/p>\n<h6 class=\"bottom-10\">Gesti\u00f3n inmobiliaria<\/h6>\n<p>[\/vc_column_text][vc_separator type=\u00bbsmall\u00bb position=\u00bbleft\u00bb color=\u00bb#ff7700&#8243;][vc_single_image image=\u00bb636&#8243; img_size=\u00bbfull\u00bb qode_css_animation=\u00bb\u00bb][vc_empty_space height=\u00bb24px\u00bb][vc_column_text]<\/p>\n<p class=\"thin bottom-20\"><strong>Ponemos a su disposici\u00f3n los maravillosos proyectos inmobiliarios<\/strong><\/p>\n<p>[\/vc_column_text][vc_empty_space height=\u00bb20&#8243;][vc_column_text]Venta de lotes y terrenos para la construcci\u00f3n de diferentes tipos de proyectos.[\/vc_column_text][vc_empty_space height=\u00bb20&#8243;][vc_column_text]Venta de proyectos inmobiliarios de terceros.[\/vc_column_text][\/vc_column][\/vc_row][vc_row css_animation=\u00bb\u00bb row_type=\u00bbrow\u00bb use_row_as_full_screen_section=\u00bbno\u00bb type=\u00bbfull_width\u00bb angled_section=\u00bbno\u00bb text_align=\u00bbleft\u00bb background_image_as_pattern=\u00bbwithout_pattern\u00bb z_index=\u00bb\u00bb css=\u00bb.vc_custom_1682447882571{background-color: #f7fafd !important;}\u00bb][vc_column][vc_empty_space height=\u00bb60&#8243;][vc_row_inner row_type=\u00bbrow\u00bb type=\u00bbgrid\u00bb text_align=\u00bbleft\u00bb css_animation=\u00bb\u00bb][vc_column_inner][qode_elements_holder number_of_columns=\u00bbtwo_columns\u00bb columns_proportion=\u00bb66_33&#8243;][qode_elements_holder_item vertical_alignment=\u00bbmiddle\u00bb horizontal_alignment=\u00bbleft\u00bb advanced_animations=\u00bbno\u00bb][vc_column_text]<\/p>\n<h6>Vende, arrienda o compra<\/h6>\n<p>[\/vc_column_text][vc_empty_space height=\u00bb10px\u00bb][vc_column_text]<\/p>\n<h3>M\u00e1s de 30 a\u00f1os de experiencia en el mercado del corretaje<\/h3>\n<p>[\/vc_column_text][vc_empty_space height=\u00bb17px\u00bb][vc_column_text]nos permite entregar un servicio profesional y altamente especializado[\/vc_column_text][\/qode_elements_holder_item][qode_elements_holder_item vertical_alignment=\u00bbmiddle\u00bb horizontal_alignment=\u00bbright\u00bb advanced_animations=\u00bbno\u00bb custom_class=\u00bbqode-responsive-left-align\u00bb background_color=\u00bb#f7fafd\u00bb]<a  itemprop=\"url\" href=\"https:\/\/hugofrias.cl\/web\/contacto\/\" target=\"_self\"  class=\"qbutton  default\" style=\"\">Cont\u00e1ctanos<\/a>[\/qode_elements_holder_item][\/qode_elements_holder][\/vc_column_inner][\/vc_row_inner][vc_empty_space height=\u00bb60&#8243;][\/vc_column][\/vc_row]<\/p>\n<\/div>","protected":false},"excerpt":{"rendered":"<p>[vc_row css_animation=\u00bb\u00bb row_type=\u00bbrow\u00bb use_row_as_full_screen_section=\u00bbno\u00bb type=\u00bbfull_width\u00bb angled_section=\u00bbno\u00bb text_align=\u00bbleft\u00bb background_image_as_pattern=\u00bbwithout_pattern\u00bb css=\u00bb.vc_custom_1606066257587{background-color: #f7fafd !important;}\u00bb z_index=\u00bb\u00bb][vc_column][vc_row_inner row_type=\u00bbrow\u00bb type=\u00bbgrid\u00bb text_align=\u00bbleft\u00bb css_animation=\u00bb\u00bb css=\u00bb.vc_custom_1606382578045{padding-top: 125px !important;padding-bottom: 80px !important;}\u00bb][vc_column_inner css=\u00bb.vc_custom_1606380354672{padding-right: 10% !important;}\u00bb offset=\u00bbvc_col-lg-4 vc_col-md-4&#8243;][vc_column_text] Historia [\/vc_column_text][vc_empty_space height=\u00bb6&#8243;][vc_column_text] Nacido el 4 de noviembre de 1955 [\/vc_column_text][vc_empty_space height=\u00bb24px\u00bb][vc_column_text]Hugo Fr\u00edas Olea\u00a0es el segundo de ocho hermanos&#8230;.<\/p>\n","protected":false},"author":1,"featured_media":0,"parent":0,"menu_order":0,"comment_status":"closed","ping_status":"closed","template":"full_width.php","meta":{"om_disable_all_campaigns":false,"_monsterinsights_skip_tracking":false,"_monsterinsights_sitenote_active":false,"_monsterinsights_sitenote_note":"","_monsterinsights_sitenote_category":0,"_uf_show_specific_survey":0,"_uf_disable_surveys":false,"_joinchat":[],"footnotes":""},"class_list":["post-145","page","type-page","status-publish","hentry"],"aioseo_notices":[],"_links":{"self":[{"href":"https:\/\/hugofrias.cl\/web\/wp-json\/wp\/v2\/pages\/145","targetHints":{"allow":["GET"]}}],"collection":[{"href":"https:\/\/hugofrias.cl\/web\/wp-json\/wp\/v2\/pages"}],"about":[{"href":"https:\/\/hugofrias.cl\/web\/wp-json\/wp\/v2\/types\/page"}],"author":[{"embeddable":true,"href":"https:\/\/hugofrias.cl\/web\/wp-json\/wp\/v2\/users\/1"}],"replies":[{"embeddable":true,"href":"https:\/\/hugofrias.cl\/web\/wp-json\/wp\/v2\/comments?post=145"}],"version-history":[{"count":37,"href":"https:\/\/hugofrias.cl\/web\/wp-json\/wp\/v2\/pages\/145\/revisions"}],"predecessor-version":[{"id":1189,"href":"https:\/\/hugofrias.cl\/web\/wp-json\/wp\/v2\/pages\/145\/revisions\/1189"}],"wp:attachment":[{"href":"https:\/\/hugofrias.cl\/web\/wp-json\/wp\/v2\/media?parent=145"}],"curies":[{"name":"wp","href":"https:\/\/api.w.org\/{rel}","templated":true}]}}